{"id":100,"date":"2019-09-18T13:28:16","date_gmt":"2019-09-18T13:28:16","guid":{"rendered":"https:\/\/forumlaw.ch\/?page_id=100"},"modified":"2025-11-03T16:09:17","modified_gmt":"2025-11-03T16:09:17","slug":"fabrizio-n-campanile","status":"publish","type":"page","link":"https:\/\/forumlaw.ch\/index.php\/fabrizio-n-campanile\/","title":{"rendered":"Fabrizio N. Campanile"},"content":{"rendered":"\n<figure class=\"wp-block-image size-large\"><img loading=\"lazy\" decoding=\"async\" width=\"2560\" height=\"2560\" src=\"https:\/\/forumlaw.ch\/wp-content\/uploads\/2022\/01\/Photoart_0055-2-1-edited-scaled.jpg\" alt=\"\" class=\"wp-image-762\" srcset=\"https:\/\/forumlaw.ch\/wp-content\/uploads\/2022\/01\/Photoart_0055-2-1-edited-scaled.jpg 2560w, https:\/\/forumlaw.ch\/wp-content\/uploads\/2022\/01\/Photoart_0055-2-1-edited-300x300.jpg 300w, https:\/\/forumlaw.ch\/wp-content\/uploads\/2022\/01\/Photoart_0055-2-1-edited-1024x1024.jpg 1024w, https:\/\/forumlaw.ch\/wp-content\/uploads\/2022\/01\/Photoart_0055-2-1-edited-150x150.jpg 150w, https:\/\/forumlaw.ch\/wp-content\/uploads\/2022\/01\/Photoart_0055-2-1-edited-768x768.jpg 768w, https:\/\/forumlaw.ch\/wp-content\/uploads\/2022\/01\/Photoart_0055-2-1-edited-1536x1536.jpg 1536w, https:\/\/forumlaw.ch\/wp-content\/uploads\/2022\/01\/Photoart_0055-2-1-edited-2048x2048.jpg 2048w\" sizes=\"auto, (max-width: 2560px) 100vw, 2560px\" \/><\/figure>\n\n\n\n<h2 class=\"wp-block-heading title-class\"><\/h2>\n\n\n\n<p>lic. iur. utr., LL. M., Rechtsanwalt<\/p>\n\n\n\n<p>Fabrizio N. Campanile ist beruflich in s\u00e4mtlichen Bereichen des Handels- und Zivilprozessrechts t\u00e4tig und an allen Gerichten der Schweiz als Anwalt zugelassen. <\/p>\n\n\n\n<p>Fabrizio N. Campanile, finnischer und italienischer Staatsangeh\u00f6riger, wurde 1972 geboren. Er maturierte 1992 am Kollegium St. Antonius in Appenzell (Typus B) und studierte an den Universit\u00e4ten Freiburg i.Ue. und Siena (Schwerpunkt: V\u00f6lkerrecht, WTO\/GATT). Er schloss 1997 sein Studium als lic. iur. utr. ab. Danach war er als wissenschaftlicher Mitarbeiter im Bundesamt f\u00fcr Justiz (Abteilung Internationales Privatrecht) t\u00e4tig. An der Glasgow University erlangte er im Jahre 2002 das LL.M. in Commercial Law (Schwerpunkt internationale Schiedsgerichtsbarkeit, Bankenrecht, internationales Steuerrecht und V\u00f6lkerrecht).<\/p>\n\n\n\n<p>Fabrizio N. Campanile erwarb im Jahre 2000 das Z\u00fcrcher Anwaltspatent. Als Rechtsanwalt war er in einer international orientierten Wirtschaftsrechtskanzlei t\u00e4tig, in die er schon 1998 eingetreten war. Im April 2003 gr\u00fcndete er seine eigene Anwaltskanzlei mit B\u00fcro in Z\u00fcrich und Konsulenten in Siena (Italien) und Augsburg (Deutschland). Fabrizio N. Campanile war von 2004 bis zur Schliessung im 2014 als Vertrauensanwalt des italienischen Konsulats in St. Gallen t\u00e4tig. Im Jahr 2019 gr\u00fcndete er zusammen mit Diego R. Gfeller die Kanzlei Forum Rechtsanw\u00e4lte.<\/p>\n\n\n\n<p>Fabrizio N. Campanile ist im Anwaltsregister des Kantons Z\u00fcrich eingetragen. Er ber\u00e4t in Deutsch, Englisch, Italienisch und Franz\u00f6sisch.<\/p>\n\n\n\n<p><strong>Kontakt<\/strong><\/p>\n\n\n\n<p>E-Mail: <a href=\"mailto:fabrizio.campanile@forumlaw.ch\">fabrizio.campanile@forumlaw.ch<\/a><\/p>\n\n\n\n<p>Telephon: +41 44 350 10 00\n\n<\/p>\n","protected":false},"excerpt":{"rendered":"<p>lic. iur. utr., LL. M., Rechtsanwalt Fabrizio N. Campanile ist beruflich in s\u00e4mtlichen Bereichen des Handels- und Zivilprozessrechts t\u00e4tig und an allen Gerichten der Schweiz&#8230;<\/p>\n<div class=\"more-link-wrapper\"><a class=\"more-link\" href=\"https:\/\/forumlaw.ch\/index.php\/fabrizio-n-campanile\/\">Weiterlesen<span class=\"screen-reader-text\">Fabrizio N. Campanile<\/span><\/a><\/div>\n","protected":false},"author":1,"featured_media":0,"parent":0,"menu_order":0,"comment_status":"closed","ping_status":"closed","template":"","meta":{"footnotes":""},"class_list":["post-100","page","type-page","status-publish","hentry","entry"],"_links":{"self":[{"href":"https:\/\/forumlaw.ch\/index.php\/wp-json\/wp\/v2\/pages\/100","targetHints":{"allow":["GET"]}}],"collection":[{"href":"https:\/\/forumlaw.ch\/index.php\/wp-json\/wp\/v2\/pages"}],"about":[{"href":"https:\/\/forumlaw.ch\/index.php\/wp-json\/wp\/v2\/types\/page"}],"author":[{"embeddable":true,"href":"https:\/\/forumlaw.ch\/index.php\/wp-json\/wp\/v2\/users\/1"}],"replies":[{"embeddable":true,"href":"https:\/\/forumlaw.ch\/index.php\/wp-json\/wp\/v2\/comments?post=100"}],"version-history":[{"count":21,"href":"https:\/\/forumlaw.ch\/index.php\/wp-json\/wp\/v2\/pages\/100\/revisions"}],"predecessor-version":[{"id":898,"href":"https:\/\/forumlaw.ch\/index.php\/wp-json\/wp\/v2\/pages\/100\/revisions\/898"}],"wp:attachment":[{"href":"https:\/\/forumlaw.ch\/index.php\/wp-json\/wp\/v2\/media?parent=100"}],"curies":[{"name":"wp","href":"https:\/\/api.w.org\/{rel}","templated":true}]}}