{"id":103,"date":"2019-09-18T13:28:09","date_gmt":"2019-09-18T13:28:09","guid":{"rendered":"https:\/\/forumlaw.ch\/?page_id=103"},"modified":"2025-11-03T16:09:35","modified_gmt":"2025-11-03T16:09:35","slug":"diego-r-gfeller","status":"publish","type":"page","link":"https:\/\/forumlaw.ch\/index.php\/diego-r-gfeller\/","title":{"rendered":"Diego R. Gfeller"},"content":{"rendered":"\n<figure class=\"wp-block-image size-large\"><img loading=\"lazy\" decoding=\"async\" width=\"2355\" height=\"2357\" src=\"https:\/\/forumlaw.ch\/wp-content\/uploads\/2022\/01\/Photoart_DRG-II-1-edited.jpg\" alt=\"\" class=\"wp-image-765\" srcset=\"https:\/\/forumlaw.ch\/wp-content\/uploads\/2022\/01\/Photoart_DRG-II-1-edited.jpg 2355w, https:\/\/forumlaw.ch\/wp-content\/uploads\/2022\/01\/Photoart_DRG-II-1-edited-300x300.jpg 300w, https:\/\/forumlaw.ch\/wp-content\/uploads\/2022\/01\/Photoart_DRG-II-1-edited-1024x1024.jpg 1024w, https:\/\/forumlaw.ch\/wp-content\/uploads\/2022\/01\/Photoart_DRG-II-1-edited-150x150.jpg 150w, https:\/\/forumlaw.ch\/wp-content\/uploads\/2022\/01\/Photoart_DRG-II-1-edited-768x769.jpg 768w, https:\/\/forumlaw.ch\/wp-content\/uploads\/2022\/01\/Photoart_DRG-II-1-edited-1536x1536.jpg 1536w, https:\/\/forumlaw.ch\/wp-content\/uploads\/2022\/01\/Photoart_DRG-II-1-edited-2046x2048.jpg 2046w\" sizes=\"auto, (max-width: 2355px) 100vw, 2355px\" \/><\/figure>\n\n\n\n<h2 class=\"wp-block-heading title-class\"><\/h2>\n\n\n\n<p>Dr. iur., Rechtsanwalt, Fachanwalt SAV Strafrecht, Lehrbeauftragter f\u00fcr Strafrecht an der Universit\u00e4t St. Gallen (HSG)<\/p>\n\n\n\n<p>Diego R. Gfeller ist beruflich prim\u00e4r im Bereich des Strafrechts und Strafprozessrechts t\u00e4tig. <\/p>\n\n\n\n<p>Nach seinem Studienabschluss in Fribourg arbeitete Diego R. Gfeller zun\u00e4chst  am Lehrstuhl f\u00fcr Strafrecht und Rechtsphilosophie (Prof. Dr. Marcel Alexander Niggli) und anschliessend  in verschiedenen Funktionen am Bezirksgericht Horgen, bevor er im Jahr 2013 die T\u00e4tigkeit als Rechtsanwalt aufnahm. 2013-2019 arbeitete er als Rechtsanwalt in einer mittelgrossen Anwaltskanzlei, ab 2015 als Partner. <\/p>\n\n\n\n<p>In seiner gesamten Laufbahn galt das haupts\u00e4chliche Interesse von Diego R. Gfeller dem Strafrecht. Im Jahr 2019 gr\u00fcndete er zusammen mit Fabrizio N. Campanile die Kanzlei Forum Rechtsanw\u00e4lte.<\/p>\n\n\n\n<p>Nebst seiner praktischen T\u00e4tigkeit als Anwalt hat Diego R. Gfeller auch immer einen Fuss in der Wissenschaft behalten. Seine Dissertation schrieb er \u00fcber die Privatbestechung nach Art. 4a UWG. 2017 verfasste er eine Monographie zum Thema Untersuchungshaft. Er publiziert regelm\u00e4ssig in Fachzeitschriften zu straf- und strafprozessrechtlichen Fragestellungen und referiert an Tagungen und Weiterbildungsveranstaltungen.&nbsp;<\/p>\n\n\n\n<p>Diego R. Gfeller arbeitet nebenberuflich an einer Habilitationsschrift zum Thema: \u201eStrafverteidigung \u2013 Rechte \u2502 Pflichten \u2502 Grenzen\u201c. &nbsp;Die Fragestellung lautet: Was darf bzw. muss ein Strafverteidiger tun bzw. unterlassen? <\/p>\n\n\n\n<p>Diego R. Gfeller ist im Anwaltsregister des Kantons Z\u00fcrich eingetragen. Er ber\u00e4t in Deutsch, Englisch und Franz\u00f6sisch.<\/p>\n\n\n\n<p><strong>Kontakt: <\/strong><\/p>\n\n\n\n<p>E-Mail: <a href=\"mailto:diego.gfeller@forumlaw.ch\">diego.gfeller@forumlaw.ch<\/a> <br><br>Telephon: +41 44 350 10 00<\/p>\n","protected":false},"excerpt":{"rendered":"<p>Dr. iur., Rechtsanwalt, Fachanwalt SAV Strafrecht, Lehrbeauftragter f\u00fcr Strafrecht an der Universit\u00e4t St. Gallen (HSG) Diego R. Gfeller ist beruflich prim\u00e4r im Bereich des Strafrechts&#8230;<\/p>\n<div class=\"more-link-wrapper\"><a class=\"more-link\" href=\"https:\/\/forumlaw.ch\/index.php\/diego-r-gfeller\/\">Weiterlesen<span class=\"screen-reader-text\">Diego R. Gfeller<\/span><\/a><\/div>\n","protected":false},"author":1,"featured_media":0,"parent":0,"menu_order":0,"comment_status":"closed","ping_status":"closed","template":"","meta":{"footnotes":""},"class_list":["post-103","page","type-page","status-publish","hentry","entry"],"_links":{"self":[{"href":"https:\/\/forumlaw.ch\/index.php\/wp-json\/wp\/v2\/pages\/103","targetHints":{"allow":["GET"]}}],"collection":[{"href":"https:\/\/forumlaw.ch\/index.php\/wp-json\/wp\/v2\/pages"}],"about":[{"href":"https:\/\/forumlaw.ch\/index.php\/wp-json\/wp\/v2\/types\/page"}],"author":[{"embeddable":true,"href":"https:\/\/forumlaw.ch\/index.php\/wp-json\/wp\/v2\/users\/1"}],"replies":[{"embeddable":true,"href":"https:\/\/forumlaw.ch\/index.php\/wp-json\/wp\/v2\/comments?post=103"}],"version-history":[{"count":24,"href":"https:\/\/forumlaw.ch\/index.php\/wp-json\/wp\/v2\/pages\/103\/revisions"}],"predecessor-version":[{"id":899,"href":"https:\/\/forumlaw.ch\/index.php\/wp-json\/wp\/v2\/pages\/103\/revisions\/899"}],"wp:attachment":[{"href":"https:\/\/forumlaw.ch\/index.php\/wp-json\/wp\/v2\/media?parent=103"}],"curies":[{"name":"wp","href":"https:\/\/api.w.org\/{rel}","templated":true}]}}