{"id":114,"date":"2019-10-07T11:48:32","date_gmt":"2019-10-07T11:48:32","guid":{"rendered":"https:\/\/forumlaw.ch\/?page_id=114"},"modified":"2021-01-28T13:49:06","modified_gmt":"2021-01-28T13:49:06","slug":"prozessfuehrung-und-schiedsgerichtsbarkeit","status":"publish","type":"page","link":"https:\/\/forumlaw.ch\/index.php\/prozessfuehrung-und-schiedsgerichtsbarkeit\/","title":{"rendered":"Prozessf\u00fchrung vor Handels- und Zivilgerichten, Schiedsgerichtsbarkeit"},"content":{"rendered":"\n<p>Wir vertreten unsere Klienten vor staatlichen Gerichten sowie auch  im Rahmen von Schiedsgerichten. Besonders im Bereich des internationalen  Privat- und Prozessrechts verf\u00fcgen wir \u00fcber langj\u00e4hrige Erfahrung. Bei komplexen internationalen Streitigkeiten, in denen mehrere  Rechtsordnungen involviert sind, \u00fcbernehmen wir die Fallkoordination und arbeiten eng mit unseren  ausl\u00e4ndischen Korrespondenten zusammen.<\/p>\n\n\n\n<p>Unsere forensische T\u00e4tigkeit beinhaltet umfassende rechtliche Vertretung bei nationalen und internationalen Auseinandersetzungen in Handels- und Zivilsachen vor erster Instanz genauso wie in Angelegenheiten des vorsorglichen Rechtsschutzes. Dar\u00fcber hinaus vertreten wir unsere Klienten auch im Rechtsmittelverfahren (Obergericht, Bundesgericht). Ausserdem sind wir auch im Rahmen von internationalen Schiedsgerichten t\u00e4tig (ad  hoc Schiedsgerichte, International Chamber of Commerce (ICC), Swiss  Chamber\u2019s Arbitration, FIDIC, UNCITRAL).<\/p>\n\n\n\n<p>Im Rahmen der Vertragsgestaltung erarbeiten wir ferner Konfliktl\u00f6sungsklauseln, erstellen Rechtsgutachten, beraten \u00fcber das Recht und die Praxis in der internationalen Schiedsgerichtsbarkeit und f\u00fchren  Anerkennungs- und Vollstreckungsverfahren f\u00fcr ausl\u00e4ndische Gerichtsurteile und Schiedsspr\u00fcche durch.<\/p>\n","protected":false},"excerpt":{"rendered":"<p>Wir vertreten unsere Klienten vor staatlichen Gerichten sowie auch im Rahmen von Schiedsgerichten. Besonders im Bereich des internationalen Privat- und Prozessrechts verf\u00fcgen wir \u00fcber langj\u00e4hrige&#8230;<\/p>\n<div class=\"more-link-wrapper\"><a class=\"more-link\" href=\"https:\/\/forumlaw.ch\/index.php\/prozessfuehrung-und-schiedsgerichtsbarkeit\/\">Weiterlesen<span class=\"screen-reader-text\">Prozessf\u00fchrung vor Handels- und Zivilgerichten, Schiedsgerichtsbarkeit<\/span><\/a><\/div>\n","protected":false},"author":1,"featured_media":0,"parent":0,"menu_order":0,"comment_status":"closed","ping_status":"closed","template":"","meta":{"footnotes":""},"class_list":["post-114","page","type-page","status-publish","hentry","entry"],"_links":{"self":[{"href":"https:\/\/forumlaw.ch\/index.php\/wp-json\/wp\/v2\/pages\/114","targetHints":{"allow":["GET"]}}],"collection":[{"href":"https:\/\/forumlaw.ch\/index.php\/wp-json\/wp\/v2\/pages"}],"about":[{"href":"https:\/\/forumlaw.ch\/index.php\/wp-json\/wp\/v2\/types\/page"}],"author":[{"embeddable":true,"href":"https:\/\/forumlaw.ch\/index.php\/wp-json\/wp\/v2\/users\/1"}],"replies":[{"embeddable":true,"href":"https:\/\/forumlaw.ch\/index.php\/wp-json\/wp\/v2\/comments?post=114"}],"version-history":[{"count":9,"href":"https:\/\/forumlaw.ch\/index.php\/wp-json\/wp\/v2\/pages\/114\/revisions"}],"predecessor-version":[{"id":592,"href":"https:\/\/forumlaw.ch\/index.php\/wp-json\/wp\/v2\/pages\/114\/revisions\/592"}],"wp:attachment":[{"href":"https:\/\/forumlaw.ch\/index.php\/wp-json\/wp\/v2\/media?parent=114"}],"curies":[{"name":"wp","href":"https:\/\/api.w.org\/{rel}","templated":true}]}}