{"id":118,"date":"2019-10-07T12:15:27","date_gmt":"2019-10-07T12:15:27","guid":{"rendered":"https:\/\/forumlaw.ch\/?page_id=118"},"modified":"2021-01-28T13:48:53","modified_gmt":"2021-01-28T13:48:53","slug":"gesellschaftsrecht","status":"publish","type":"page","link":"https:\/\/forumlaw.ch\/index.php\/gesellschaftsrecht\/","title":{"rendered":"Gesellschaftsrecht"},"content":{"rendered":"\n<p>Wir prozessieren und beraten unsere Klienten in allen Bereichen des  Gesellschaftsrechts.<\/p>\n\n\n\n<p>Wir erbringen unsere Dienste als Prozessanw\u00e4lte und Berater in Bezug auf Gr\u00fcndungen von Gesellschaften, Restrukturierungen, Kapitalmassnahmen, Unternehmenszusammenschl\u00fcsse und K\u00e4ufe von Unternehmen  (M&amp;A) auf nationaler sowie auf internationaler Ebene sowie bei Joint  Ventures,  Aktion\u00e4rbindungsvertr\u00e4gen, Private-Equity-  und Venture-Capital-Transaktionen.<\/p>\n\n\n\n<p>Gesellschaftsrechtliche Umstrukturierungen und Reorganisationen sowie  Beratung in allen handelsregisterrechtlichen Fragen geh\u00f6ren ebenso zu unseren T\u00e4tigkeitsgebieten.<\/p>\n","protected":false},"excerpt":{"rendered":"<p>Wir prozessieren und beraten unsere Klienten in allen Bereichen des Gesellschaftsrechts. Wir erbringen unsere Dienste als Prozessanw\u00e4lte und Berater in Bezug auf Gr\u00fcndungen von Gesellschaften,&#8230;<\/p>\n<div class=\"more-link-wrapper\"><a class=\"more-link\" href=\"https:\/\/forumlaw.ch\/index.php\/gesellschaftsrecht\/\">Weiterlesen<span class=\"screen-reader-text\">Gesellschaftsrecht<\/span><\/a><\/div>\n","protected":false},"author":1,"featured_media":0,"parent":0,"menu_order":0,"comment_status":"closed","ping_status":"closed","template":"","meta":{"footnotes":""},"class_list":["post-118","page","type-page","status-publish","hentry","entry"],"_links":{"self":[{"href":"https:\/\/forumlaw.ch\/index.php\/wp-json\/wp\/v2\/pages\/118","targetHints":{"allow":["GET"]}}],"collection":[{"href":"https:\/\/forumlaw.ch\/index.php\/wp-json\/wp\/v2\/pages"}],"about":[{"href":"https:\/\/forumlaw.ch\/index.php\/wp-json\/wp\/v2\/types\/page"}],"author":[{"embeddable":true,"href":"https:\/\/forumlaw.ch\/index.php\/wp-json\/wp\/v2\/users\/1"}],"replies":[{"embeddable":true,"href":"https:\/\/forumlaw.ch\/index.php\/wp-json\/wp\/v2\/comments?post=118"}],"version-history":[{"count":7,"href":"https:\/\/forumlaw.ch\/index.php\/wp-json\/wp\/v2\/pages\/118\/revisions"}],"predecessor-version":[{"id":591,"href":"https:\/\/forumlaw.ch\/index.php\/wp-json\/wp\/v2\/pages\/118\/revisions\/591"}],"wp:attachment":[{"href":"https:\/\/forumlaw.ch\/index.php\/wp-json\/wp\/v2\/media?parent=118"}],"curies":[{"name":"wp","href":"https:\/\/api.w.org\/{rel}","templated":true}]}}