{"id":152,"date":"2019-10-07T12:36:19","date_gmt":"2019-10-07T12:36:19","guid":{"rendered":"https:\/\/forumlaw.ch\/?page_id=152"},"modified":"2024-11-07T14:53:53","modified_gmt":"2024-11-07T14:53:53","slug":"allgemeines-vertragsrecht-und-internationale-vertraege","status":"publish","type":"page","link":"https:\/\/forumlaw.ch\/index.php\/allgemeines-vertragsrecht-und-internationale-vertraege\/","title":{"rendered":"Allgemeines Vertragsrecht und internationale Vertr\u00e4ge"},"content":{"rendered":"\n<p>Wir prozessieren und beraten in allen Bereichen des Vertragsrechts sowie in den verschiedensten Wirtschaftsbereichen. Hierbei verf\u00fcgen wir \u00fcber  langj\u00e4hrige Erfahrungen auch im Bereich des internationalen Privatrechts. Bei komplexen internationalen Sachverhalten, in denen mehr als eine&nbsp;Rechtsordnung involviert ist, \u00fcbernehmen wir auch die Fallkoordination und arbeiten eng mit unseren ausl\u00e4ndischen Korrespondenzanw\u00e4lten zusammen.<\/p>\n\n\n\n<p>Wir verhandeln und erstellen hierbei Vertr\u00e4ge sowie allgemeine Gesch\u00e4ftsbedingungen insbesondere in den folgenden Bereichen: nationales und internationales Kaufrecht (WKR), nationaler und internationaler Vertrieb von Handelsg\u00fctern und Dienstleistungen, Agenturvertragsrecht, Joint Ventures, Franchising, Darlehensvertragsrecht, ferner Auftrags- und Werkvertragsrecht, Arbeitsrecht, Beratungs- und Dienstleistungsvertr\u00e4ge, M&amp;A Transaktionen etc.<\/p>\n","protected":false},"excerpt":{"rendered":"<p>Wir prozessieren und beraten in allen Bereichen des Vertragsrechts sowie in den verschiedensten Wirtschaftsbereichen. Hierbei verf\u00fcgen wir \u00fcber langj\u00e4hrige Erfahrungen auch im Bereich des internationalen&#8230;<\/p>\n<div class=\"more-link-wrapper\"><a class=\"more-link\" href=\"https:\/\/forumlaw.ch\/index.php\/allgemeines-vertragsrecht-und-internationale-vertraege\/\">Weiterlesen<span class=\"screen-reader-text\">Allgemeines Vertragsrecht und internationale Vertr\u00e4ge<\/span><\/a><\/div>\n","protected":false},"author":1,"featured_media":0,"parent":0,"menu_order":0,"comment_status":"closed","ping_status":"closed","template":"","meta":{"footnotes":""},"class_list":["post-152","page","type-page","status-publish","hentry","entry"],"_links":{"self":[{"href":"https:\/\/forumlaw.ch\/index.php\/wp-json\/wp\/v2\/pages\/152","targetHints":{"allow":["GET"]}}],"collection":[{"href":"https:\/\/forumlaw.ch\/index.php\/wp-json\/wp\/v2\/pages"}],"about":[{"href":"https:\/\/forumlaw.ch\/index.php\/wp-json\/wp\/v2\/types\/page"}],"author":[{"embeddable":true,"href":"https:\/\/forumlaw.ch\/index.php\/wp-json\/wp\/v2\/users\/1"}],"replies":[{"embeddable":true,"href":"https:\/\/forumlaw.ch\/index.php\/wp-json\/wp\/v2\/comments?post=152"}],"version-history":[{"count":14,"href":"https:\/\/forumlaw.ch\/index.php\/wp-json\/wp\/v2\/pages\/152\/revisions"}],"predecessor-version":[{"id":874,"href":"https:\/\/forumlaw.ch\/index.php\/wp-json\/wp\/v2\/pages\/152\/revisions\/874"}],"wp:attachment":[{"href":"https:\/\/forumlaw.ch\/index.php\/wp-json\/wp\/v2\/media?parent=152"}],"curies":[{"name":"wp","href":"https:\/\/api.w.org\/{rel}","templated":true}]}}