{"id":293,"date":"2019-10-08T13:10:10","date_gmt":"2019-10-08T13:10:10","guid":{"rendered":"https:\/\/forumlaw.ch\/?page_id=293"},"modified":"2021-01-28T13:51:24","modified_gmt":"2021-01-28T13:51:24","slug":"interne-untersuchungen","status":"publish","type":"page","link":"https:\/\/forumlaw.ch\/index.php\/interne-untersuchungen\/","title":{"rendered":"Interne Untersuchungen"},"content":{"rendered":"\n<h2 class=\"title-class wp-block-heading\"><\/h2>\n\n\n\n<p>Wir unterst\u00fctzen Unternehmen bei der Planung und Durchf\u00fchrung  interner Untersuchungen. Solche sind f\u00fcr Unternehmen zunehmend von Bedeutung, wenn sie bspw. aufgrund von Medienberichten oder Aussagen von Whistleblowern mit Vorw\u00fcrfen konfrontiert werden. Wir gehen den Vorw\u00fcrfen eingehend nach und achten dabei auf unsere Unabh\u00e4ngigkeit. Auch hier gilt unsere Maxime: klare Analyse, klare Ansage.<\/p>\n\n\n\n<p>Durch unser vereintes Know-How sowohl im Zivil- als auch im Strafrecht bringen wir die idealen Voraussetzungen f\u00fcr die Durchf\u00fchrung von internen Untersuchungen mit. Zudem k\u00f6nnen wir auf ein grosses Netzwerk von Treuhand- und Revisionsexperten zur\u00fcckgreifen. <\/p>\n","protected":false},"excerpt":{"rendered":"<p>Wir unterst\u00fctzen Unternehmen bei der Planung und Durchf\u00fchrung interner Untersuchungen. Solche sind f\u00fcr Unternehmen zunehmend von Bedeutung, wenn sie bspw. aufgrund von Medienberichten oder Aussagen&#8230;<\/p>\n<div class=\"more-link-wrapper\"><a class=\"more-link\" href=\"https:\/\/forumlaw.ch\/index.php\/interne-untersuchungen\/\">Weiterlesen<span class=\"screen-reader-text\">Interne Untersuchungen<\/span><\/a><\/div>\n","protected":false},"author":1,"featured_media":0,"parent":0,"menu_order":0,"comment_status":"closed","ping_status":"closed","template":"","meta":{"footnotes":""},"class_list":["post-293","page","type-page","status-publish","hentry","entry"],"_links":{"self":[{"href":"https:\/\/forumlaw.ch\/index.php\/wp-json\/wp\/v2\/pages\/293","targetHints":{"allow":["GET"]}}],"collection":[{"href":"https:\/\/forumlaw.ch\/index.php\/wp-json\/wp\/v2\/pages"}],"about":[{"href":"https:\/\/forumlaw.ch\/index.php\/wp-json\/wp\/v2\/types\/page"}],"author":[{"embeddable":true,"href":"https:\/\/forumlaw.ch\/index.php\/wp-json\/wp\/v2\/users\/1"}],"replies":[{"embeddable":true,"href":"https:\/\/forumlaw.ch\/index.php\/wp-json\/wp\/v2\/comments?post=293"}],"version-history":[{"count":13,"href":"https:\/\/forumlaw.ch\/index.php\/wp-json\/wp\/v2\/pages\/293\/revisions"}],"predecessor-version":[{"id":598,"href":"https:\/\/forumlaw.ch\/index.php\/wp-json\/wp\/v2\/pages\/293\/revisions\/598"}],"wp:attachment":[{"href":"https:\/\/forumlaw.ch\/index.php\/wp-json\/wp\/v2\/media?parent=293"}],"curies":[{"name":"wp","href":"https:\/\/api.w.org\/{rel}","templated":true}]}}