{"id":83,"date":"2019-09-18T13:29:19","date_gmt":"2019-09-18T13:29:19","guid":{"rendered":"https:\/\/forumlaw.ch\/?page_id=83"},"modified":"2021-01-28T13:54:19","modified_gmt":"2021-01-28T13:54:19","slug":"schwerpunkte","status":"publish","type":"page","link":"https:\/\/forumlaw.ch\/index.php\/schwerpunkte\/","title":{"rendered":"SCHWERPUNKTE"},"content":{"rendered":"\n<h2 class=\"title-class wp-block-heading\"><\/h2>\n\n\n\n<p><\/p>\n\n\n\n<p><strong>Prozessieren:<\/strong><\/p>\n\n\n\n<p>Als eine auf die F\u00fchrung von Handels-, Zivil- und Strafprozessen spezialisierte Kanzlei geh\u00f6ren sowohl die Vorbereitung eines Prozesses als Kl\u00e4ger wie auch die Abwehr von behaupteten Anspr\u00fcchen Dritter zu unseren Kernaufgaben. Gemeinsam mit unseren Klienten analysieren wir die Situation und erarbeiten in enger Zusammenarbeit eine Strategie. Unser einziger Fokus liegt auf dem Interesse unserer Klienten. Bedingungslos. Dabei verfolgen wir einen ganzheitlichen Ansatz: Nebst den offenkundigen Interessen, lassen wir auch allenfalls verborgene Interessen und Restriktionen mit in die Analyse einfliessen.<\/p>\n\n\n\n<p><\/p>\n\n\n\n<p><strong>Beraten:<\/strong><\/p>\n\n\n\n<p>Als erfahrene Prozessanw\u00e4lte wissen wir, dass das Prozessieren eine langwierige, h\u00e4ufig unbefriedigende und regelm\u00e4ssig teure Angelegenheit sein kann. Wir kennen die prozessualen und materiellen Fallstricke. Diese Erfahrung bringen wir in unsere Arbeit als Berater (z.B. bei der Vertragsgestaltung oder bei der Ausarbeitung von Vergleichen) mit ein.<\/p>\n","protected":false},"excerpt":{"rendered":"<p>Prozessieren: Als eine auf die F\u00fchrung von Handels-, Zivil- und Strafprozessen spezialisierte Kanzlei geh\u00f6ren sowohl die Vorbereitung eines Prozesses als Kl\u00e4ger wie auch die Abwehr&#8230;<\/p>\n<div class=\"more-link-wrapper\"><a class=\"more-link\" href=\"https:\/\/forumlaw.ch\/index.php\/schwerpunkte\/\">Weiterlesen<span class=\"screen-reader-text\">SCHWERPUNKTE<\/span><\/a><\/div>\n","protected":false},"author":1,"featured_media":0,"parent":0,"menu_order":0,"comment_status":"closed","ping_status":"closed","template":"","meta":{"footnotes":""},"class_list":["post-83","page","type-page","status-publish","hentry","entry"],"_links":{"self":[{"href":"https:\/\/forumlaw.ch\/index.php\/wp-json\/wp\/v2\/pages\/83","targetHints":{"allow":["GET"]}}],"collection":[{"href":"https:\/\/forumlaw.ch\/index.php\/wp-json\/wp\/v2\/pages"}],"about":[{"href":"https:\/\/forumlaw.ch\/index.php\/wp-json\/wp\/v2\/types\/page"}],"author":[{"embeddable":true,"href":"https:\/\/forumlaw.ch\/index.php\/wp-json\/wp\/v2\/users\/1"}],"replies":[{"embeddable":true,"href":"https:\/\/forumlaw.ch\/index.php\/wp-json\/wp\/v2\/comments?post=83"}],"version-history":[{"count":17,"href":"https:\/\/forumlaw.ch\/index.php\/wp-json\/wp\/v2\/pages\/83\/revisions"}],"predecessor-version":[{"id":602,"href":"https:\/\/forumlaw.ch\/index.php\/wp-json\/wp\/v2\/pages\/83\/revisions\/602"}],"wp:attachment":[{"href":"https:\/\/forumlaw.ch\/index.php\/wp-json\/wp\/v2\/media?parent=83"}],"curies":[{"name":"wp","href":"https:\/\/api.w.org\/{rel}","templated":true}]}}