{"id":87,"date":"2019-09-18T13:27:57","date_gmt":"2019-09-18T13:27:57","guid":{"rendered":"https:\/\/forumlaw.ch\/?page_id=87"},"modified":"2026-03-11T11:08:24","modified_gmt":"2026-03-11T11:08:24","slug":"anwaelte","status":"publish","type":"page","link":"https:\/\/forumlaw.ch\/index.php\/anwaelte\/","title":{"rendered":"Anw\u00e4lte"},"content":{"rendered":"\n<h2 class=\"wp-block-heading title-class\"><\/h2>\n\n\n\n<p><\/p>\n\n\n\n<div class=\"wp-block-media-text alignfull is-stacked-on-mobile\" style=\"grid-template-columns:21% auto\"><figure class=\"wp-block-media-text__media\"><img loading=\"lazy\" decoding=\"async\" width=\"683\" height=\"1024\" src=\"https:\/\/forumlaw.ch\/wp-content\/uploads\/2022\/01\/Photoart_0055-2-683x1024.jpg\" alt=\"\" class=\"wp-image-753 size-full\" srcset=\"https:\/\/forumlaw.ch\/wp-content\/uploads\/2022\/01\/Photoart_0055-2-683x1024.jpg 683w, https:\/\/forumlaw.ch\/wp-content\/uploads\/2022\/01\/Photoart_0055-2-200x300.jpg 200w, https:\/\/forumlaw.ch\/wp-content\/uploads\/2022\/01\/Photoart_0055-2-768x1152.jpg 768w, https:\/\/forumlaw.ch\/wp-content\/uploads\/2022\/01\/Photoart_0055-2-1024x1536.jpg 1024w, https:\/\/forumlaw.ch\/wp-content\/uploads\/2022\/01\/Photoart_0055-2-1365x2048.jpg 1365w, https:\/\/forumlaw.ch\/wp-content\/uploads\/2022\/01\/Photoart_0055-2-scaled.jpg 1706w\" sizes=\"auto, (max-width: 683px) 100vw, 683px\" \/><\/figure><div class=\"wp-block-media-text__content\">\n<h2 class=\"wp-block-heading\"><strong>Fabrizio N. Campanile<\/strong><br>Rechtsanwalt, lic. iur. utr., LL.M.<\/h2>\n\n\n\n<p>Fabrizio N. Campanile ist im Anwaltsregister des Kantons Z\u00fcrich eingetragen. Er ist vorzugsweise in den Bereichen des Handels- und Zivilprozessrechts t\u00e4tig. Er ber\u00e4t in Deutsch, Englisch, Italienisch und Franz\u00f6sisch.<\/p>\n\n\n\n<p><strong>Kontakt:&nbsp;<\/strong><\/p>\n\n\n\n<p class=\"has-text-align-left\">E-Mail: <a href=\"mailto:fabrizio.campanile@forumlaw.ch\">fabrizio.campanile@forumlaw.ch<\/a><br><br>Telephon: +41 44 350 10 00<\/p>\n\n\n\n<div class=\"wp-block-button\"><a class=\"wp-block-button__link has-cyan-bluish-gray-color has-very-light-gray-background-color has-text-color has-background wp-element-button\" href=\"https:\/\/forumlaw.ch\/index.php\/fabrizio-n-campanile\/\">weitere Informationen<\/a><\/div>\n\n\n\n<p><\/p>\n<\/div><\/div>\n\n\n\n<div class=\"wp-block-media-text alignfull is-stacked-on-mobile\" style=\"grid-template-columns:21% auto\"><figure class=\"wp-block-media-text__media\"><img loading=\"lazy\" decoding=\"async\" width=\"724\" height=\"1024\" src=\"https:\/\/forumlaw.ch\/wp-content\/uploads\/2022\/01\/Photoart_DRG-II-724x1024.jpg\" alt=\"\" class=\"wp-image-758 size-full\" srcset=\"https:\/\/forumlaw.ch\/wp-content\/uploads\/2022\/01\/Photoart_DRG-II-724x1024.jpg 724w, https:\/\/forumlaw.ch\/wp-content\/uploads\/2022\/01\/Photoart_DRG-II-212x300.jpg 212w, https:\/\/forumlaw.ch\/wp-content\/uploads\/2022\/01\/Photoart_DRG-II-768x1087.jpg 768w, https:\/\/forumlaw.ch\/wp-content\/uploads\/2022\/01\/Photoart_DRG-II-1085x1536.jpg 1085w, https:\/\/forumlaw.ch\/wp-content\/uploads\/2022\/01\/Photoart_DRG-II-1447x2048.jpg 1447w, https:\/\/forumlaw.ch\/wp-content\/uploads\/2022\/01\/Photoart_DRG-II-scaled.jpg 1809w\" sizes=\"auto, (max-width: 724px) 100vw, 724px\" \/><\/figure><div class=\"wp-block-media-text__content\">\n<h2 class=\"wp-block-heading\"><strong>Diego R. Gfeller<\/strong><br>Rechtsanwalt, Dr. iur., Fachanwalt  SAV Strafrecht <\/h2>\n\n\n\n<p>Diego R. Gfeller ist im Anwaltsregister des Kantons Z\u00fcrich eingetragen. Er ist vorzugsweise in den Bereichen des Straf- und Strafprozessrechts t\u00e4tig. Er ber\u00e4t in Deutsch, Englisch und Franz\u00f6sisch. <\/p>\n\n\n\n<p><strong> Kontakt:&nbsp;<\/strong><\/p>\n\n\n\n<p>E-Mail: <a href=\"mailto:diego.gfeller@forumlaw.ch\">diego.gfeller@forumlaw.ch<\/a><br><br>Telephon: +41 44 350 10 00<\/p>\n\n\n\n<div class=\"wp-block-button\"><a class=\"wp-block-button__link has-cyan-bluish-gray-color has-very-light-gray-background-color has-text-color has-background wp-element-button\" href=\"https:\/\/forumlaw.ch\/index.php\/diego-r-gfeller\/\">weitere Informationen<\/a><\/div>\n\n\n\n<p><\/p>\n<\/div><\/div>\n\n\n\n<div class=\"wp-block-media-text alignfull is-stacked-on-mobile\" style=\"grid-template-columns:21% auto\"><figure class=\"wp-block-media-text__media\"><img loading=\"lazy\" decoding=\"async\" width=\"683\" height=\"1024\" src=\"https:\/\/forumlaw.ch\/wp-content\/uploads\/2024\/01\/POR_6973-HR-683x1024.jpg\" alt=\"\" class=\"wp-image-842 size-full\" srcset=\"https:\/\/forumlaw.ch\/wp-content\/uploads\/2024\/01\/POR_6973-HR-683x1024.jpg 683w, https:\/\/forumlaw.ch\/wp-content\/uploads\/2024\/01\/POR_6973-HR-200x300.jpg 200w, https:\/\/forumlaw.ch\/wp-content\/uploads\/2024\/01\/POR_6973-HR-768x1152.jpg 768w, https:\/\/forumlaw.ch\/wp-content\/uploads\/2024\/01\/POR_6973-HR-1024x1536.jpg 1024w\" sizes=\"auto, (max-width: 683px) 100vw, 683px\" \/><\/figure><div class=\"wp-block-media-text__content\">\n<h2 class=\"wp-block-heading\"><strong>Lorenz Andrey<\/strong><br>Rechtsanwalt, M.A. HSG in Law <\/h2>\n\n\n\n<p>Lorenz Andrey ist im Anwaltsregister des Kantons Z\u00fcrich eigetragen. Er ist vorzugsweise in s\u00e4mtlichen Bereichen des Straf- und Strafprozessrechts t\u00e4tig. Zudem \u00fcbernimmt er Vertretungen im Rahmen von internen Untersuchungen. Er ber\u00e4t in Deutsch und Englisch und spricht ferner auch Franz\u00f6sisch.<\/p>\n\n\n\n<p><strong> Kontakt:&nbsp;<\/strong><\/p>\n\n\n\n<p>E-Mail: <a href=\"mailto:lorenz.andrey@forumlaw.ch\" data-type=\"mailto\">lorenz.andrey@forumlaw.ch<\/a><br><br>Telephon: +41 44 350 10 00<\/p>\n\n\n\n<div class=\"wp-block-button\"><a class=\"wp-block-button__link has-cyan-bluish-gray-color has-very-light-gray-background-color has-text-color has-background wp-element-button\" href=\"https:\/\/forumlaw.ch\/index.php\/lorenz-andrey\/\">weitere Informationen<\/a><\/div>\n\n\n\n<p><\/p>\n<\/div><\/div>\n\n\n\n<div class=\"wp-block-media-text alignfull is-stacked-on-mobile\" style=\"grid-template-columns:21% auto\"><figure class=\"wp-block-media-text__media\"><img loading=\"lazy\" decoding=\"async\" width=\"758\" height=\"1024\" src=\"https:\/\/forumlaw.ch\/wp-content\/uploads\/2025\/11\/Foto_Homepage_Sinus2-1-758x1024.jpeg\" alt=\"\" class=\"wp-image-894 size-full\" srcset=\"https:\/\/forumlaw.ch\/wp-content\/uploads\/2025\/11\/Foto_Homepage_Sinus2-1-758x1024.jpeg 758w, https:\/\/forumlaw.ch\/wp-content\/uploads\/2025\/11\/Foto_Homepage_Sinus2-1-222x300.jpeg 222w, https:\/\/forumlaw.ch\/wp-content\/uploads\/2025\/11\/Foto_Homepage_Sinus2-1-768x1037.jpeg 768w, https:\/\/forumlaw.ch\/wp-content\/uploads\/2025\/11\/Foto_Homepage_Sinus2-1.jpeg 791w\" sizes=\"auto, (max-width: 758px) 100vw, 758px\" \/><\/figure><div class=\"wp-block-media-text__content\">\n<h2 class=\"wp-block-heading\"><strong>Nico Maurer<\/strong><br>MLaw, Anwaltssubstitut<\/h2>\n\n\n\n<p>Nico Maurer unterst\u00fctzt die Anw\u00e4lte der Kanzlei als Anwaltssubstitut in allen rechtlichen T\u00e4tigkeitsbereichen. Er spricht Deutsch und Englisch.<\/p>\n\n\n\n<p><strong> Kontakt:&nbsp;<\/strong><\/p>\n\n\n\n<p>E-Mail: <a href=\"mailto:nico.maurer@forumlaw.ch\" data-type=\"mailto\">nico.maurer@forumlaw.ch<\/a><br><br>Telephon: +41 44 350 10 00<\/p>\n\n\n\n<div class=\"wp-block-button\"><a class=\"wp-block-button__link has-cyan-bluish-gray-color has-very-light-gray-background-color has-text-color has-background wp-element-button\" href=\"https:\/\/forumlaw.ch\/index.php\/nico-maurer\/\">weitere Informationen<\/a><\/div>\n\n\n\n<p><\/p>\n<\/div><\/div>\n\n\n\n<div class=\"wp-block-media-text alignfull is-stacked-on-mobile\" style=\"grid-template-columns:21% auto\"><figure class=\"wp-block-media-text__media\"><img loading=\"lazy\" decoding=\"async\" width=\"685\" height=\"1024\" src=\"https:\/\/forumlaw.ch\/wp-content\/uploads\/2026\/03\/Bewerbungsfoto-685x1024.jpg\" alt=\"\" class=\"wp-image-906 size-full\" srcset=\"https:\/\/forumlaw.ch\/wp-content\/uploads\/2026\/03\/Bewerbungsfoto-685x1024.jpg 685w, https:\/\/forumlaw.ch\/wp-content\/uploads\/2026\/03\/Bewerbungsfoto-201x300.jpg 201w, https:\/\/forumlaw.ch\/wp-content\/uploads\/2026\/03\/Bewerbungsfoto-768x1148.jpg 768w, https:\/\/forumlaw.ch\/wp-content\/uploads\/2026\/03\/Bewerbungsfoto-1028x1536.jpg 1028w, https:\/\/forumlaw.ch\/wp-content\/uploads\/2026\/03\/Bewerbungsfoto-1371x2048.jpg 1371w, https:\/\/forumlaw.ch\/wp-content\/uploads\/2026\/03\/Bewerbungsfoto-scaled.jpg 1713w\" sizes=\"auto, (max-width: 685px) 100vw, 685px\" \/><\/figure><div class=\"wp-block-media-text__content\">\n<h2 class=\"wp-block-heading\"><strong>Nina M\u00fcller<\/strong><br>MLaw, Anwaltssubstitutin<\/h2>\n\n\n\n<p>Nina M\u00fcller unterst\u00fctzt die Anw\u00e4lte der Kanzlei als Anwaltssubstitut in allen rechtlichen T\u00e4tigkeitsbereichen. Sie spricht Deutsch und Englisch.<\/p>\n\n\n\n<p><strong> Kontakt:&nbsp;<\/strong><\/p>\n\n\n\n<p>E-Mail: <a href=\"mailto:nina.mueller@forumlaw.ch\" data-type=\"mailto\" data-id=\"mailto:nina.mueller@forumlaw.ch\">nina.mueller@forumlaw.ch<\/a><br><br>Telephon: +41 44 350 10 00<\/p>\n\n\n\n<div class=\"wp-block-button\"><a class=\"wp-block-button__link has-cyan-bluish-gray-color has-very-light-gray-background-color has-text-color has-background wp-element-button\" href=\"https:\/\/forumlaw.ch\/index.php\/nina-mueller\/\">weitere Informationen<\/a><\/div>\n\n\n\n<p><\/p>\n<\/div><\/div>\n","protected":false},"excerpt":{"rendered":"","protected":false},"author":1,"featured_media":0,"parent":0,"menu_order":0,"comment_status":"closed","ping_status":"closed","template":"","meta":{"footnotes":""},"class_list":["post-87","page","type-page","status-publish","hentry","entry"],"_links":{"self":[{"href":"https:\/\/forumlaw.ch\/index.php\/wp-json\/wp\/v2\/pages\/87","targetHints":{"allow":["GET"]}}],"collection":[{"href":"https:\/\/forumlaw.ch\/index.php\/wp-json\/wp\/v2\/pages"}],"about":[{"href":"https:\/\/forumlaw.ch\/index.php\/wp-json\/wp\/v2\/types\/page"}],"author":[{"embeddable":true,"href":"https:\/\/forumlaw.ch\/index.php\/wp-json\/wp\/v2\/users\/1"}],"replies":[{"embeddable":true,"href":"https:\/\/forumlaw.ch\/index.php\/wp-json\/wp\/v2\/comments?post=87"}],"version-history":[{"count":32,"href":"https:\/\/forumlaw.ch\/index.php\/wp-json\/wp\/v2\/pages\/87\/revisions"}],"predecessor-version":[{"id":930,"href":"https:\/\/forumlaw.ch\/index.php\/wp-json\/wp\/v2\/pages\/87\/revisions\/930"}],"wp:attachment":[{"href":"https:\/\/forumlaw.ch\/index.php\/wp-json\/wp\/v2\/media?parent=87"}],"curies":[{"name":"wp","href":"https:\/\/api.w.org\/{rel}","templated":true}]}}