{"id":880,"date":"2025-11-03T15:57:49","date_gmt":"2025-11-03T15:57:49","guid":{"rendered":"https:\/\/forumlaw.ch\/?page_id=880"},"modified":"2025-11-03T16:08:38","modified_gmt":"2025-11-03T16:08:38","slug":"nico-maurer","status":"publish","type":"page","link":"https:\/\/forumlaw.ch\/index.php\/nico-maurer\/","title":{"rendered":"Nico Maurer"},"content":{"rendered":"\n<figure class=\"wp-block-image size-large\"><img loading=\"lazy\" decoding=\"async\" width=\"1024\" height=\"684\" src=\"https:\/\/forumlaw.ch\/wp-content\/uploads\/2025\/11\/Foto_Homepage_Sinus-1024x684.jpeg\" alt=\"\" class=\"wp-image-881\" srcset=\"https:\/\/forumlaw.ch\/wp-content\/uploads\/2025\/11\/Foto_Homepage_Sinus-1024x684.jpeg 1024w, https:\/\/forumlaw.ch\/wp-content\/uploads\/2025\/11\/Foto_Homepage_Sinus-300x200.jpeg 300w, https:\/\/forumlaw.ch\/wp-content\/uploads\/2025\/11\/Foto_Homepage_Sinus-768x513.jpeg 768w, https:\/\/forumlaw.ch\/wp-content\/uploads\/2025\/11\/Foto_Homepage_Sinus-1536x1025.jpeg 1536w, https:\/\/forumlaw.ch\/wp-content\/uploads\/2025\/11\/Foto_Homepage_Sinus.jpeg 1600w\" sizes=\"auto, (max-width: 1024px) 100vw, 1024px\" \/><\/figure>\n\n\n\n<p>MLaw, Substitut<\/p>\n\n\n\n<p>Nico Maurer, \u00f6sterreichischer Staatsangeh\u00f6riger, wurde 1997 geboren. Er maturierte 2015 am Bundesgymnasium Gallusstrasse in Bregenz und studierte an der Universit\u00e4t Z\u00fcrich Rechtswissenschaften. Es schloss dort sein Studium im September 2023 mit dem Master of Law (MLaw) ab.<\/p>\n\n\n\n<p>W\u00e4hrend seines Studiums war er in einer gr\u00f6sseren, auf Wirtschaftsrecht spezialisierten Anwaltskanzlei t\u00e4tig. Nach Abschluss des Studiums hatte er von M\u00e4rz 2024 bis Mai 2025 sein Anwaltspraktikum als Auditor am Bezirksgericht Andelfingen absolviert, bevor er per Juni 2025 bei Forum Rechtsanw\u00e4lte zu arbeiten begann. Nico Maurer unterst\u00fctzt die Anw\u00e4lte der Kanzlei als Anwaltssubstitut in allen rechtlichen T\u00e4tigkeitsbereichen. <\/p>\n\n\n\n<p>Er spricht Deutsch und Englisch.<\/p>\n\n\n\n<p><strong>Kontakt<\/strong><\/p>\n\n\n\n<p>E-Mail:\u00a0<a href=\"mailto:nico.maurer@forumlaw.ch\">nico.maurer@forumlaw.ch<\/a><\/p>\n\n\n\n<p>Telephon: +41 44 350 10 00<\/p>\n\n\n\n<p><\/p>\n","protected":false},"excerpt":{"rendered":"<p>MLaw, Substitut Nico Maurer, \u00f6sterreichischer Staatsangeh\u00f6riger, wurde 1997 geboren. Er maturierte 2015 am Bundesgymnasium Gallusstrasse in Bregenz und studierte an der Universit\u00e4t Z\u00fcrich Rechtswissenschaften. Es&#8230;<\/p>\n<div class=\"more-link-wrapper\"><a class=\"more-link\" href=\"https:\/\/forumlaw.ch\/index.php\/nico-maurer\/\">Weiterlesen<span class=\"screen-reader-text\">Nico Maurer<\/span><\/a><\/div>\n","protected":false},"author":1,"featured_media":0,"parent":0,"menu_order":0,"comment_status":"closed","ping_status":"closed","template":"","meta":{"footnotes":""},"class_list":["post-880","page","type-page","status-publish","hentry","entry"],"_links":{"self":[{"href":"https:\/\/forumlaw.ch\/index.php\/wp-json\/wp\/v2\/pages\/880","targetHints":{"allow":["GET"]}}],"collection":[{"href":"https:\/\/forumlaw.ch\/index.php\/wp-json\/wp\/v2\/pages"}],"about":[{"href":"https:\/\/forumlaw.ch\/index.php\/wp-json\/wp\/v2\/types\/page"}],"author":[{"embeddable":true,"href":"https:\/\/forumlaw.ch\/index.php\/wp-json\/wp\/v2\/users\/1"}],"replies":[{"embeddable":true,"href":"https:\/\/forumlaw.ch\/index.php\/wp-json\/wp\/v2\/comments?post=880"}],"version-history":[{"count":3,"href":"https:\/\/forumlaw.ch\/index.php\/wp-json\/wp\/v2\/pages\/880\/revisions"}],"predecessor-version":[{"id":897,"href":"https:\/\/forumlaw.ch\/index.php\/wp-json\/wp\/v2\/pages\/880\/revisions\/897"}],"wp:attachment":[{"href":"https:\/\/forumlaw.ch\/index.php\/wp-json\/wp\/v2\/media?parent=880"}],"curies":[{"name":"wp","href":"https:\/\/api.w.org\/{rel}","templated":true}]}}