{"id":908,"date":"2026-03-11T10:43:30","date_gmt":"2026-03-11T10:43:30","guid":{"rendered":"https:\/\/forumlaw.ch\/?page_id=908"},"modified":"2026-03-11T11:03:01","modified_gmt":"2026-03-11T11:03:01","slug":"nina-mueller","status":"publish","type":"page","link":"https:\/\/forumlaw.ch\/index.php\/nina-mueller\/","title":{"rendered":"Nina M\u00fcller, Substitutin"},"content":{"rendered":"<div class=\"wp-block-image\">\n<figure class=\"aligncenter size-large\"><img loading=\"lazy\" decoding=\"async\" width=\"685\" height=\"1024\" src=\"https:\/\/forumlaw.ch\/wp-content\/uploads\/2026\/03\/Bewerbungsfoto-685x1024.jpg\" alt=\"\" class=\"wp-image-906\" srcset=\"https:\/\/forumlaw.ch\/wp-content\/uploads\/2026\/03\/Bewerbungsfoto-685x1024.jpg 685w, https:\/\/forumlaw.ch\/wp-content\/uploads\/2026\/03\/Bewerbungsfoto-201x300.jpg 201w, https:\/\/forumlaw.ch\/wp-content\/uploads\/2026\/03\/Bewerbungsfoto-768x1148.jpg 768w, https:\/\/forumlaw.ch\/wp-content\/uploads\/2026\/03\/Bewerbungsfoto-1028x1536.jpg 1028w, https:\/\/forumlaw.ch\/wp-content\/uploads\/2026\/03\/Bewerbungsfoto-1371x2048.jpg 1371w, https:\/\/forumlaw.ch\/wp-content\/uploads\/2026\/03\/Bewerbungsfoto-scaled.jpg 1713w\" sizes=\"auto, (max-width: 685px) 100vw, 685px\" \/><\/figure>\n<\/div>\n\n\n<p>MLaw, Substitutin<\/p>\n\n\n\n<p>Nina M\u00fcller studierte Rechtswissenschaften an den Universit\u00e4ten Z\u00fcrich und Bern. In Bern schloss sie 2024 mit dem Master of Law ab.<\/p>\n\n\n\n<p>W\u00e4hrend des Studiums arbeitete Nina M\u00fcller als Teamleiterin in einem StartUp im Bereich LegalTech sowie in einer auf vollzugsrechtliche Fragen spezialisierten NGO. Nach dem Studienabschluss war sie als Auditorin am Bezirksgericht Dielsdorf t\u00e4tig und arbeitet seit Januar 2026 in der Kanzlei Forum Rechtsanw\u00e4lte.<\/p>\n\n\n\n<p>Nina M\u00fcller unterst\u00fctzt die Anw\u00e4lte der Kanzlei als Anwaltssubstitutin in allen rechtlichen T\u00e4tigkeitsgebieten. <\/p>\n\n\n\n<p>Sie spricht Deutsch und Englisch.<\/p>\n\n\n\n<p><strong>Kontakt<\/strong><\/p>\n\n\n\n<p>E-Mail: <a href=\"mailto:nina.mueller@forumlaw.ch\">nina.mueller@forumlaw.ch<\/a><\/p>\n\n\n\n<p>Telephon: +41 44 350 10 00<\/p>\n\n\n\n<p><\/p>\n\n\n\n<p><\/p>\n","protected":false},"excerpt":{"rendered":"<p>MLaw, Substitutin Nina M\u00fcller studierte Rechtswissenschaften an den Universit\u00e4ten Z\u00fcrich und Bern. In Bern schloss sie 2024 mit dem Master of Law ab. W\u00e4hrend des&#8230;<\/p>\n<div class=\"more-link-wrapper\"><a class=\"more-link\" href=\"https:\/\/forumlaw.ch\/index.php\/nina-mueller\/\">Weiterlesen<span class=\"screen-reader-text\">Nina M\u00fcller, Substitutin<\/span><\/a><\/div>\n","protected":false},"author":1,"featured_media":0,"parent":0,"menu_order":0,"comment_status":"closed","ping_status":"closed","template":"","meta":{"footnotes":""},"class_list":["post-908","page","type-page","status-publish","hentry","entry"],"_links":{"self":[{"href":"https:\/\/forumlaw.ch\/index.php\/wp-json\/wp\/v2\/pages\/908","targetHints":{"allow":["GET"]}}],"collection":[{"href":"https:\/\/forumlaw.ch\/index.php\/wp-json\/wp\/v2\/pages"}],"about":[{"href":"https:\/\/forumlaw.ch\/index.php\/wp-json\/wp\/v2\/types\/page"}],"author":[{"embeddable":true,"href":"https:\/\/forumlaw.ch\/index.php\/wp-json\/wp\/v2\/users\/1"}],"replies":[{"embeddable":true,"href":"https:\/\/forumlaw.ch\/index.php\/wp-json\/wp\/v2\/comments?post=908"}],"version-history":[{"count":7,"href":"https:\/\/forumlaw.ch\/index.php\/wp-json\/wp\/v2\/pages\/908\/revisions"}],"predecessor-version":[{"id":926,"href":"https:\/\/forumlaw.ch\/index.php\/wp-json\/wp\/v2\/pages\/908\/revisions\/926"}],"wp:attachment":[{"href":"https:\/\/forumlaw.ch\/index.php\/wp-json\/wp\/v2\/media?parent=908"}],"curies":[{"name":"wp","href":"https:\/\/api.w.org\/{rel}","templated":true}]}}